{"id":57,"date":"2025-09-08T18:48:24","date_gmt":"2025-09-08T18:48:24","guid":{"rendered":"https:\/\/accons.ec\/teams\/?page_id=57"},"modified":"2025-10-02T21:16:21","modified_gmt":"2025-10-02T21:16:21","slug":"contacto","status":"publish","type":"page","link":"https:\/\/teamms.ec\/index.php\/contacto\/","title":{"rendered":"Contacto"},"content":{"rendered":"\n<!-- Banner de Contacto Elegante -->\n<div style=\"width: 100%; padding: 60px 20px; background-color: #f7f7f7; border-radius: 20px; text-align: center;\">\n  <div style=\"max-width: 900px; margin: auto;\">\n    <h2 style=\"font-family: 'Arial', sans-serif; font-size: 32px; font-weight: bold; color: #2d2f83; margin-bottom: 30px; line-height: 1.3;\">\n      \u00bfNecesitas una gesti\u00f3n de n\u00f3mina confiable para tu peque\u00f1a o mediana empresa?\n    <\/h2>\n    <p style=\"font-family: 'Arial', sans-serif; font-size: 18px; color: #333333; margin-bottom: 15px; line-height: 1.6;\">\n      Estamos aqu\u00ed para apoyarte.\n    <\/p>\n    <p style=\"font-family: 'Arial', sans-serif; font-size: 18px; color: #333333; line-height: 1.6;\">\n      Completa el siguiente formulario de contacto y nos comunicaremos contigo a la brevedad. \n      En <strong>Teamms<\/strong>, ofrecemos todos los servicios inherentes a los subsistemas de talento humano con procesos simples, cumplimiento impecable y prevenci\u00f3n de riesgos, para que puedas enfocarte en hacer crecer tu negocio mientras nosotros cuidamos tu gesti\u00f3n laboral.\n    <\/p>\n  <\/div>\n<\/div>\n\n\n\n\n<hr class=\"wp-block-separator has-alpha-channel-opacity\"\/>\n\n\n\n<h2 class=\"wp-block-heading has-ast-global-color-5-color has-text-color has-link-color wp-elements-6a0d93084c525f733013a75d9b0ce5e6\">Cont\u00e1ctanos hoy<\/h2>\n\n\n<style id=\"wpforms-css-vars-63-block-ddc2ccdf-d97f-49d0-81fb-4d5cb6704837\">\n\t\t\t\t#wpforms-63.wpforms-block-ddc2ccdf-d97f-49d0-81fb-4d5cb6704837 {\n\t\t\t\t--wpforms-label-color: var(--ast-global-color-5);\n--wpforms-label-sublabel-color: #ffffff94;\n--wpforms-label-error-color: #ffffff00;\n--wpforms-button-background-color: var(--ast-global-color-5);\n--wpforms-button-text-color: #2d2f83;\n--wpforms-field-size-input-height: 43px;\n--wpforms-field-size-input-spacing: 15px;\n--wpforms-field-size-font-size: 16px;\n--wpforms-field-size-line-height: 19px;\n--wpforms-field-size-padding-h: 14px;\n--wpforms-field-size-checkbox-size: 16px;\n--wpforms-field-size-sublabel-spacing: 5px;\n--wpforms-field-size-icon-size: 1;\n--wpforms-label-size-font-size: 16px;\n--wpforms-label-size-line-height: 19px;\n--wpforms-label-size-sublabel-font-size: 14px;\n--wpforms-label-size-sublabel-line-height: 17px;\n--wpforms-button-size-font-size: 17px;\n--wpforms-button-size-height: 41px;\n--wpforms-button-size-padding-h: 15px;\n--wpforms-button-size-margin-top: 10px;\n\t\t\t}\n\t\t\t<\/style><div class=\"wpforms-container wpforms-container-full wpforms-block wpforms-block-ddc2ccdf-d97f-49d0-81fb-4d5cb6704837 wpforms-render-modern\" id=\"wpforms-63\"><form id=\"wpforms-form-63\" class=\"wpforms-validate wpforms-form wpforms-ajax-form\" data-formid=\"63\" method=\"post\" enctype=\"multipart\/form-data\" action=\"\/index.php\/wp-json\/wp\/v2\/pages\/57\" data-token=\"a7f076aeda3e29f6f5f02bb93ca2a1c9\" data-token-time=\"1779052585\"><noscript class=\"wpforms-error-noscript\">Por favor, activa JavaScript en tu navegador para completar este formulario.<\/noscript><div id=\"wpforms-error-noscript\" style=\"display: none;\">Por favor, activa JavaScript en tu navegador para completar este formulario.<\/div><div class=\"wpforms-field-container\"><div id=\"wpforms-63-field_1-container\" class=\"wpforms-field wpforms-field-name\" data-field-id=\"1\"><fieldset><legend class=\"wpforms-field-label\">Nombre y Apellido<\/legend><div class=\"wpforms-field-row wpforms-field-medium\"><div class=\"wpforms-field-row-block wpforms-first wpforms-one-half\"><input type=\"text\" id=\"wpforms-63-field_1\" class=\"wpforms-field-name-first\" name=\"wpforms[fields][1][first]\" aria-errormessage=\"wpforms-63-field_1-error\" ><label for=\"wpforms-63-field_1\" class=\"wpforms-field-sublabel after\">Nombre<\/label><\/div><div class=\"wpforms-field-row-block wpforms-one-half\"><input type=\"text\" id=\"wpforms-63-field_1-last\" class=\"wpforms-field-name-last\" name=\"wpforms[fields][1][last]\" aria-errormessage=\"wpforms-63-field_1-last-error\" ><label for=\"wpforms-63-field_1-last\" class=\"wpforms-field-sublabel after\">Apellidos<\/label><\/div><\/div><\/fieldset><\/div>\t\t<div id=\"wpforms-63-field_4-container\"\n\t\t\tclass=\"wpforms-field wpforms-field-text\"\n\t\t\tdata-field-type=\"text\"\n\t\t\tdata-field-id=\"4\"\n\t\t\t>\n\t\t\t<label class=\"wpforms-field-label\" for=\"wpforms-63-field_4\" >Nombre Mensaje Correo<\/label>\n\t\t\t<input type=\"text\" id=\"wpforms-63-field_4\" class=\"wpforms-field-medium\" name=\"wpforms[fields][4]\" >\n\t\t<\/div>\n\t\t<div id=\"wpforms-63-field_2-container\" class=\"wpforms-field wpforms-field-email\" data-field-id=\"2\"><label class=\"wpforms-field-label\" for=\"wpforms-63-field_2\">Correo electr\u00f3nico <span class=\"wpforms-required-label\" aria-hidden=\"true\">*<\/span><\/label><input type=\"email\" id=\"wpforms-63-field_2\" class=\"wpforms-field-medium wpforms-field-required\" name=\"wpforms[fields][2]\" spellcheck=\"false\" aria-errormessage=\"wpforms-63-field_2-error\" required><\/div><div id=\"wpforms-63-field_3-container\" class=\"wpforms-field wpforms-field-textarea\" data-field-id=\"3\"><label class=\"wpforms-field-label\" for=\"wpforms-63-field_3\">Mensaje<\/label><textarea id=\"wpforms-63-field_3\" class=\"wpforms-field-medium\" name=\"wpforms[fields][3]\" aria-errormessage=\"wpforms-63-field_3-error\" ><\/textarea><\/div><script>\n\t\t\t\t( function() {\n\t\t\t\t\tconst style = document.createElement( 'style' );\n\t\t\t\t\tstyle.appendChild( document.createTextNode( '#wpforms-63-field_4-container { position: absolute !important; overflow: hidden !important; display: inline !important; height: 1px !important; width: 1px !important; z-index: -1000 !important; padding: 0 !important; } #wpforms-63-field_4-container input { visibility: hidden; } #wpforms-conversational-form-page #wpforms-63-field_4-container label { counter-increment: none; }' ) );\n\t\t\t\t\tdocument.head.appendChild( style );\n\t\t\t\t\tdocument.currentScript?.remove();\n\t\t\t\t} )();\n\t\t\t<\/script><\/div><!-- .wpforms-field-container --><div class=\"wpforms-submit-container\" ><input type=\"hidden\" name=\"wpforms[id]\" value=\"63\"><input type=\"hidden\" name=\"page_title\" value=\"\"><input type=\"hidden\" name=\"page_url\" value=\"https:\/\/teamms.ec\/index.php\/wp-json\/wp\/v2\/pages\/57\"><input type=\"hidden\" name=\"url_referer\" value=\"\"><button type=\"submit\" name=\"wpforms[submit]\" id=\"wpforms-submit-63\" class=\"wpforms-submit\" data-alt-text=\"Enviando...\" data-submit-text=\"Enviar\" aria-live=\"assertive\" value=\"wpforms-submit\">Enviar<\/button><img loading=\"lazy\" decoding=\"async\" src=\"https:\/\/teamms.ec\/wp-content\/plugins\/wpforms-lite\/assets\/images\/submit-spin.svg\" class=\"wpforms-submit-spinner\" style=\"display: none;\" width=\"26\" height=\"26\" alt=\"Cargando\"><\/div><\/form><\/div>  <!-- .wpforms-container -->\n\n\n<hr class=\"wp-block-separator has-alpha-channel-opacity\"\/>\n\n\n\n<!-- Bloque de Contacto Interactivo -->\n<div class=\"contact-block\" style=\"display: flex; justify-content: center; align-items: center; gap: 50px; flex-wrap: wrap; text-align: center; margin: 50px 0; width: 100%;\">\n\n  <!-- Contacto WhatsApp -->\n  <a href=\"https:\/\/wa.me\/593998170252\" target=\"_blank\" class=\"contact-item\" style=\"display: flex; flex-direction: column; align-items: center; text-decoration: none;\">\n    <div class=\"icon-circle\">\n      <img decoding=\"async\" src=\"https:\/\/auddit.ec\/wp-content\/uploads\/2025\/09\/Artboard-1-copy-2-1.png\" alt=\"WhatsApp\">\n    <\/div>\n    <p style=\"margin: 0; font-size: 18px; font-weight: 500; color: #fff;\">0998170252<\/p>\n  <\/a>\n\n  <!-- Contacto Ubicaci\u00f3n -->\n  <a href=\"https:\/\/maps.app.goo.gl\/bf7BP2doDzsw78jz6\" target=\"_blank\" class=\"contact-item\" style=\"display: flex; flex-direction: column; align-items: center; max-width: 200px; text-decoration: none;\">\n    <div class=\"icon-circle\">\n      <img decoding=\"async\" src=\"https:\/\/auddit.ec\/wp-content\/uploads\/2025\/09\/Artboard-1-2.png\" alt=\"Ubicaci\u00f3n\">\n    <\/div>\n    <p style=\"margin: 0; font-size: 16px; font-weight: 500; color: #fff; line-height: 1.4;\">\n      Nueva Loja 105<br>Remigio Tamariz Crespo\n    <\/p>\n  <\/a>\n\n  <!-- Contacto Correo -->\n  <a href=\"mailto:fparra@accons.ec\" class=\"contact-item\" style=\"display: flex; flex-direction: column; align-items: center; text-decoration: none;\">\n    <div class=\"icon-circle\">\n      <img decoding=\"async\" src=\"https:\/\/auddit.ec\/wp-content\/uploads\/2025\/09\/Artboard-1-copy-1.png\" alt=\"Correo\">\n    <\/div>\n    <p style=\"margin: 0; font-size: 18px; font-weight: 500; color: #fff;\">fparra@accons.ec<\/p>\n  <\/a>\n\n<\/div>\n\n<!-- Estilos de C\u00edrculos, Iconos y Animaci\u00f3n -->\n<style>\n  .icon-circle {\n    width: 80px;\n    height: 80px;\n    border-radius: 50%;\n    background: rgba(255,255,255,0.1);\n    display: flex;\n    justify-content: center;\n    align-items: center;\n    margin-bottom: 10px;\n    transition: background 0.3s;\n  }\n\n  .icon-circle img {\n    width: 40px;\n    height: auto;\n    filter: brightness(0) invert(1);\n    transition: transform 0.3s, filter 0.3s;\n    animation: floatIcon 3s ease-in-out infinite;\n  }\n\n  \/* Animaci\u00f3n solo para el icono *\/\n  @keyframes floatIcon {\n    0%, 100% { transform: translateY(0); }\n    50% { transform: translateY(-6px); }\n  }\n\n  \/* Hover: invertir colores *\/\n  .contact-item:hover .icon-circle {\n    background: #fff;\n  }\n\n  .contact-item:hover .icon-circle img {\n    filter: none;\n  }\n\n  \/* Cursor pointer para todo *\/\n  .contact-item {\n    cursor: pointer;\n  }\n<\/style>\n\n","protected":false},"excerpt":{"rendered":"<p>\u00bfNecesitas una gesti\u00f3n de n\u00f3mina confiable para tu peque\u00f1a o mediana empresa? Estamos aqu\u00ed para apoyarte. Completa el siguiente formulario [&hellip;]<\/p>\n","protected":false},"author":1,"featured_media":0,"parent":0,"menu_order":0,"comment_status":"closed","ping_status":"closed","template":"","meta":{"site-sidebar-layout":"default","site-content-layout":"","ast-site-content-layout":"default","site-content-style":"default","site-sidebar-style":"default","ast-global-header-display":"","ast-banner-title-visibility":"","ast-main-header-display":"","ast-hfb-above-header-display":"","ast-hfb-below-header-display":"","ast-hfb-mobile-header-display":"","site-post-title":"disabled","ast-breadcrumbs-content":"","ast-featured-img":"","footer-sml-layout":"","ast-disable-related-posts":"","theme-transparent-header-meta":"","adv-header-id-meta":"","stick-header-meta":"","header-above-stick-meta":"","header-main-stick-meta":"","header-below-stick-meta":"","astra-migrate-meta-layouts":"default","ast-page-background-enabled":"default","ast-page-background-meta":{"desktop":{"background-color":"var(--ast-global-color-5)","background-image":"","background-repeat":"repeat","background-position":"center center","background-size":"auto","background-attachment":"scroll","background-type":"","background-media":"","overlay-type":"","overlay-color":"","overlay-opacity":"","overlay-gradient":""},"tablet":{"background-color":"","background-image":"","background-repeat":"repeat","background-position":"center center","background-size":"auto","background-attachment":"scroll","background-type":"","background-media":"","overlay-type":"","overlay-color":"","overlay-opacity":"","overlay-gradient":""},"mobile":{"background-color":"","background-image":"","background-repeat":"repeat","background-position":"center center","background-size":"auto","background-attachment":"scroll","background-type":"","background-media":"","overlay-type":"","overlay-color":"","overlay-opacity":"","overlay-gradient":""}},"ast-content-background-meta":{"desktop":{"background-color":"var(--ast-global-color-4)","background-image":"","background-repeat":"repeat","background-position":"center center","background-size":"auto","background-attachment":"scroll","background-type":"","background-media":"","overlay-type":"","overlay-color":"","overlay-opacity":"","overlay-gradient":""},"tablet":{"background-color":"var(--ast-global-color-4)","background-image":"","background-repeat":"repeat","background-position":"center center","background-size":"auto","background-attachment":"scroll","background-type":"","background-media":"","overlay-type":"","overlay-color":"","overlay-opacity":"","overlay-gradient":""},"mobile":{"background-color":"var(--ast-global-color-4)","background-image":"","background-repeat":"repeat","background-position":"center center","background-size":"auto","background-attachment":"scroll","background-type":"","background-media":"","overlay-type":"","overlay-color":"","overlay-opacity":"","overlay-gradient":""}},"footnotes":""},"class_list":["post-57","page","type-page","status-publish","hentry"],"_links":{"self":[{"href":"https:\/\/teamms.ec\/index.php\/wp-json\/wp\/v2\/pages\/57","targetHints":{"allow":["GET"]}}],"collection":[{"href":"https:\/\/teamms.ec\/index.php\/wp-json\/wp\/v2\/pages"}],"about":[{"href":"https:\/\/teamms.ec\/index.php\/wp-json\/wp\/v2\/types\/page"}],"author":[{"embeddable":true,"href":"https:\/\/teamms.ec\/index.php\/wp-json\/wp\/v2\/users\/1"}],"replies":[{"embeddable":true,"href":"https:\/\/teamms.ec\/index.php\/wp-json\/wp\/v2\/comments?post=57"}],"version-history":[{"count":12,"href":"https:\/\/teamms.ec\/index.php\/wp-json\/wp\/v2\/pages\/57\/revisions"}],"predecessor-version":[{"id":148,"href":"https:\/\/teamms.ec\/index.php\/wp-json\/wp\/v2\/pages\/57\/revisions\/148"}],"wp:attachment":[{"href":"https:\/\/teamms.ec\/index.php\/wp-json\/wp\/v2\/media?parent=57"}],"curies":[{"name":"wp","href":"https:\/\/api.w.org\/{rel}","templated":true}]}}