{"id":83,"date":"2025-09-08T19:39:43","date_gmt":"2025-09-08T19:39:43","guid":{"rendered":"https:\/\/accons.ec\/teams\/?page_id=83"},"modified":"2025-10-02T21:32:07","modified_gmt":"2025-10-02T21:32:07","slug":"politica-de-privacidad","status":"publish","type":"page","link":"https:\/\/teamms.ec\/index.php\/politica-de-privacidad\/","title":{"rendered":"Pol\u00edtica de privacidad"},"content":{"rendered":"\n<div style=\"height:100px\" aria-hidden=\"true\" class=\"wp-block-spacer\"><\/div>\n\n\n\n<div class=\"politicas-privacidad\">\n  <h1>AVISO POL\u00cdTICA DE PRIVACIDAD<\/h1>\n\n  <p>Para <strong>ACCONS S.A.S<\/strong> y sus empresas relacionadas <strong>AUUDIT S.A.S, TEAMMS S.A.S, LEGGAL S.A.S, CONNTA S.A.S, SELECTT S.A.S<\/strong> e <strong>INFINITOO S.A.S<\/strong> (en adelante, <strong>ACCONS<\/strong>) es importante el manejo de sus datos personales. Por lo que ponemos a su disposici\u00f3n el siguiente Aviso de Pol\u00edtica de Privacidad, a trav\u00e9s de la cual informamos, de conformidad con la <strong>Ley Org\u00e1nica de Protecci\u00f3n de Datos Personales (LOPDP)<\/strong>, el Reglamento y dem\u00e1s normativa aplicable en Ecuador, el tratamiento que efectuamos respecto de la informaci\u00f3n que nos ha proporcionado, los fines para su tratamiento, entre otros aspectos importantes para su consideraci\u00f3n.<\/p>\n\n  <h2>Alcance<\/h2>\n  <p>Esta Pol\u00edtica de Privacidad tiene por objeto informar al usuario acerca de c\u00f3mo <strong>ACCONS<\/strong> trata los datos personales y protege la informaci\u00f3n.<\/p>\n  <p>La Pol\u00edtica de Privacidad aplica a los datos personales y\/o recopilaciones de informaci\u00f3n personal que sean objeto de tratamiento por parte de <strong>ACCONS<\/strong>, a trav\u00e9s del uso de la p\u00e1gina web de las empresas del grupo o redes sociales creados para ofrecer servicios a los usuarios, en el contexto de la relaci\u00f3n comercial, precontractual, contractual que se trate.<\/p>\n  <p>Para efectos de la presente pol\u00edtica, de acuerdo con lo establecido en la normativa aplicable, se considerar\u00e1 dato personal a todo aquel que identifique o haga identificable a una persona natural.<\/p>\n\n  <p>En esta pol\u00edtica informamos, en particular, de:<\/p>\n  <ul>\n    <li>Identificaci\u00f3n y direcci\u00f3n del responsable;<\/li>\n    <li>Fines del tratamiento y tipo de informaci\u00f3n personal que recopilamos;<\/li>\n    <li>Base legal para el tratamiento de los datos personales;<\/li>\n    <li>Tiempo que conservamos la informaci\u00f3n;<\/li>\n    <li>C\u00f3mo se almacena la informaci\u00f3n;<\/li>\n    <li>Derechos de los titulares y medios a trav\u00e9s de los cuales pueden comunicarse con nosotros;<\/li>\n    <li>Con qui\u00e9nes compartimos tus datos personales;<\/li>\n    <li>Modificaciones a la Pol\u00edtica de Privacidad.<\/li>\n  <\/ul>\n<\/div>\n\n\n\n<div class=\"politicas-privacidad\">\r\n  <h2>1. Identificaci\u00f3n y direcci\u00f3n del responsable<\/h2>\r\n  <p><strong>ACCONS<\/strong>, es responsable de tratamiento, conforme a lo determinado en la Ley Org\u00e1nica de Protecci\u00f3n de Datos Personales (en adelante \u201cLOPDP\u201d), ponemos a disposici\u00f3n nuestros datos de identidad, domicilio y contacto:<\/p>\r\n  <ul>\r\n    <li><strong>Raz\u00f3n Social:<\/strong> ACCONS SAS<\/li>\r\n    <li><strong>RUC:<\/strong> 0190371735001<\/li>\r\n    <li><strong>Domicilio:<\/strong> Nueva Loja 1-05 y Remigio Tamariz<\/li>\r\n    <li><strong>Tel\u00e9fonos:<\/strong> 0983315034<\/li>\r\n    <li><strong>Email:<\/strong> info@accons.ec<\/li>\r\n  <\/ul>\r\n  <p><strong>ACCONS<\/strong> garantiza que ha aplicado las medidas t\u00e9cnicas, organizativas y administrativas necesarias para proteger la informaci\u00f3n y evitar brechas de seguridad que permitan que terceros no autorizados accedan a la misma.<\/p>\r\n<\/div>\n\n\n\n<div class=\"politicas-privacidad\">\r\n  <h2>2. Fines del tratamiento y tipo de informaci\u00f3n personal que recopilamos<\/h2>\r\n  <p><strong>ACCONS<\/strong> recopila su informaci\u00f3n personal a fin de ofrecerle siempre un mejor servicio. Los datos personales que <strong>ACCONS<\/strong> obtiene y trata de forma leg\u00edtima son: <em>datos identificativos, datos de contacto<\/em>.<\/p>\r\n  <p>El manejo de la informaci\u00f3n que <strong>ACCONS<\/strong> realiza a trav\u00e9s de cada una de sus plataformas se sujeta a lo dispuesto en esta Pol\u00edtica de Privacidad.<\/p>\r\n  <p>En virtud del giro de negocio de <strong>ACCONS<\/strong>, trataremos los datos personales de acuerdo con las siguientes finalidades:<\/p>\r\n\r\n  <h3>Postulantes \/ Posibles Colaboradores:<\/h3>\r\n  <ul>\r\n    <li>Selecci\u00f3n de Personal<\/li>\r\n    <li>Contrataci\u00f3n de Personal<\/li>\r\n    <li>Gesti\u00f3n de personal<\/li>\r\n    <li>Generaci\u00f3n de reportes<\/li>\r\n  <\/ul>\r\n\r\n  <h3>Colaboradores:<\/h3>\r\n  <ul>\r\n    <li>Reclutamiento<\/li>\r\n    <li>Gesti\u00f3n de Personal<\/li>\r\n    <li>Evaluaci\u00f3n de Personal<\/li>\r\n    <li>Comunicaci\u00f3n interna<\/li>\r\n    <li>Generaci\u00f3n de reportes<\/li>\r\n    <li>Identificaci\u00f3n, autenticaci\u00f3n y actualizaci\u00f3n de datos personales, para realizar validaciones de la veracidad de la informaci\u00f3n consignada<\/li>\r\n    <li>An\u00e1lisis de conocimientos, actitudes y pr\u00e1cticas<\/li>\r\n    <li>Monitoreo y evaluaci\u00f3n<\/li>\r\n    <li>Referencias de caso<\/li>\r\n    <li>Capacitaci\u00f3n, inducci\u00f3n, formaci\u00f3n y concientizaci\u00f3n<\/li>\r\n    <li>Entrega de informaci\u00f3n para el mecanismo de deducibilidad<\/li>\r\n    <li>Recopilaci\u00f3n de datos personales en formato de imagen, audio y\/o video para la elaboraci\u00f3n de productos de comunicaci\u00f3n y difusi\u00f3n<\/li>\r\n    <li>Campa\u00f1as de concientizaci\u00f3n en seguridad f\u00edsica, tecnol\u00f3gica y de la informaci\u00f3n<\/li>\r\n    <li>Utilizar y entregar informaci\u00f3n y datos personales como datos de contacto para fines comerciales, publicitarios, an\u00e1lisis de datos o comunicacionales de productos o servicios de sus aliados<\/li>\r\n    <li>Comunicaci\u00f3n social y comunicaciones directas<\/li>\r\n    <li>Comunicaciones sobre cambios de condiciones de contratos\/servicios, boletines informativos\/publicitarios<\/li>\r\n    <li>Comunicaci\u00f3n para ofrecer y contratar servicios asistenciales provistos por terceros<\/li>\r\n    <li>Contactabilidad para relaciones institucionales<\/li>\r\n    <li>Administraci\u00f3n de dispositivos m\u00f3viles<\/li>\r\n    <li>Seguridad y Salud ocupacional<\/li>\r\n    <li>Gesti\u00f3n de procedimientos laborales<\/li>\r\n    <li>Atenci\u00f3n al empleado<\/li>\r\n    <li>An\u00e1lisis de datos de usuarios y de seguridad<\/li>\r\n    <li>Identificaci\u00f3n de riesgos de datos personales<\/li>\r\n  <\/ul>\r\n<\/div>\n\n\n\n<div class=\"politicas-privacidad\">\r\n  <h3>Administradores, Directivos, socios y accionistas:<\/h3>\r\n  <ul>\r\n    <li>Procesos operativos de la Firma<\/li>\r\n    <li>Atenci\u00f3n a requerimientos y procedimientos judiciales, extrajudiciales y\/o administrativos<\/li>\r\n    <li>Ejecuci\u00f3n y comunicaci\u00f3n de \u00f3rdenes de autoridades competentes<\/li>\r\n    <li>Gesti\u00f3n de registros de actividad y elaboraci\u00f3n de modelado de datos personales<\/li>\r\n    <li>Rendici\u00f3n de cuentas<\/li>\r\n    <li>Gesti\u00f3n de convenios interinstitucionales<\/li>\r\n    <li>Comunicaci\u00f3n interna<\/li>\r\n    <li>Gesti\u00f3n de elaboraci\u00f3n, asignaci\u00f3n, medici\u00f3n y monitoreo de indicadores de desempe\u00f1o<\/li>\r\n    <li>Gesti\u00f3n administrativa de incorporaci\u00f3n a la firma y n\u00f3mina<\/li>\r\n    <li>Evaluaci\u00f3n del desempe\u00f1o y clima laboral<\/li>\r\n    <li>Gesti\u00f3n de accidentes y prevenci\u00f3n de riesgos laborales<\/li>\r\n    <li>Prevenci\u00f3n del lavado de activos y financiamiento de delitos<\/li>\r\n    <li>Beneficios sociales p\u00fablicos y privados<\/li>\r\n    <li>Administraci\u00f3n de bases de datos y servidores<\/li>\r\n    <li>An\u00e1lisis de datos de usuarios y de seguridad<\/li>\r\n    <li>Identificaci\u00f3n de riesgos de datos personales<\/li>\r\n  <\/ul>\r\n\r\n  <h3>Clientes:<\/h3>\r\n  <ul>\r\n    <li>Gesti\u00f3n contractual<\/li>\r\n    <li>Gesti\u00f3n de bienestar institucional<\/li>\r\n    <li>Gesti\u00f3n contable<\/li>\r\n    <li>Gesti\u00f3n legal (litigio, protecci\u00f3n de datos, M&#038;A, energ\u00edas, corporativo, tributaria, aviaci\u00f3n, propiedad intelectual, derecho m\u00e9dico, comercio exterior, p\u00fablico regulatorio, multidisciplinario)<\/li>\r\n    <li>Ejecuci\u00f3n y comunicaci\u00f3n de \u00f3rdenes de autoridades competentes<\/li>\r\n    <li>Gesti\u00f3n de registros de actividad y elaboraci\u00f3n de modelado de datos personales<\/li>\r\n    <li>Rendici\u00f3n de cuentas<\/li>\r\n    <li>Actualizaci\u00f3n de datos del cliente<\/li>\r\n    <li>Distribuci\u00f3n o entrega de nuestros productos<\/li>\r\n    <li>Gesti\u00f3n de cobranza<\/li>\r\n    <li>Env\u00edo y comunicaci\u00f3n de informaci\u00f3n del cliente a trav\u00e9s de medios digitales<\/li>\r\n    <li>Env\u00edo de informaci\u00f3n respecto de productos que pueden ser de inter\u00e9s del cliente, de conformidad con los servicios contratados<\/li>\r\n  <\/ul>\r\n\r\n  <h3>Posibles proveedores\/Proveedores:<\/h3>\r\n  <ul>\r\n    <li>Gesti\u00f3n y calificaci\u00f3n de proveedores y contactos<\/li>\r\n    <li>Prevenci\u00f3n del lavado de activos y financiamiento de delitos<\/li>\r\n    <li>Gesti\u00f3n de relaciones con encargados de tratamiento para el desarrollo de las actividades operativas<\/li>\r\n    <li>Procesos operativos de la firma (Contabilidad y facturaci\u00f3n, auditor\u00edas, seguimiento de planes de acci\u00f3n)<\/li>\r\n    <li>Soporte a incidencias por continuidad de negocio<\/li>\r\n    <li>Entrega de informaci\u00f3n para el mecanismo de deducibilidad<\/li>\r\n  <\/ul>\r\n\r\n  <p>La informaci\u00f3n recopilada por medio de nuestros sistemas de videovigilancia y nuestras bit\u00e1coras de acceso ser\u00e1 utilizada a fin de preservar la seguridad de nuestros clientes.<\/p>\r\n  <p><strong>ACCONS<\/strong> solicita al titular que antes de entregar cualquier dato personal, es necesario que lea, entienda y declare de manera expresa, libre y voluntaria estar de acuerdo con el contenido de esta pol\u00edtica.<\/p>\r\n  <p><strong>Decisiones Automatizadas:<\/strong> Te informamos que nuestros sistemas no se basan en decisiones automatizadas, por lo que no las realizamos sin su consentimiento.<\/p>\r\n  <p>En concordancia con el principio de minimizaci\u00f3n y proporcionalidad, el tratamiento de datos personales ser\u00e1 adecuado, pertinente y limitado a los necesarios en funci\u00f3n de los fines para los cuales son tratados. Es decir, se recopilar\u00e1n y tratar\u00e1n datos personales dependiendo de los procesos o servicios que el Titular utilice, tenga contratados o deba cumplir de conformidad con la normativa vigente, as\u00ed como de los tratamientos adicionales permitidos o autorizados por el mismo titular.<\/p>\r\n<\/div>\n\n\n\n<div class=\"politicas-privacidad\">\r\n  <h2>3. Base legal para el tratamiento de los datos personales<\/h2>\r\n  <p>El tratamiento de la informaci\u00f3n que obtiene <strong>ACCONS<\/strong> es l\u00edcita y leg\u00edtima, conforme a:<\/p>\r\n  <p>El art\u00edculo 66 numeral 19 de la Constituci\u00f3n de la Rep\u00fablica del Ecuador reconoce el derecho a la protecci\u00f3n de datos personales, \u201c(\u2026) que incluye el acceso y la decisi\u00f3n sobre este tipo de informaci\u00f3n y datos de este car\u00e1cter, as\u00ed como su correspondiente protecci\u00f3n. La recolecci\u00f3n, archivo, procesamiento, distribuci\u00f3n o difusi\u00f3n de estos datos o informaci\u00f3n requerir\u00e1n la autorizaci\u00f3n del titular o el mandato de la ley. (\u2026)\u201d.<\/p>\r\n  <p>El art\u00edculo 7 numerales 1, 2, 3, 5 y 8 de la LOPDP determina las condiciones para un tratamiento leg\u00edtimo de datos personales y establece que ser\u00e1 leg\u00edtimo cuando se cumpla con al menos una de las siguientes condiciones:<\/p>\r\n  <ul>\r\n    <li>Consentimiento del titular para una o varias finalidades espec\u00edficas obtenidas de forma leg\u00edtima a trav\u00e9s de casillas desmarcadas a trav\u00e9s de los distintos canales de atenci\u00f3n.<\/li>\r\n    <li>Cumplimiento de una obligaci\u00f3n legal, en especial de aquella aplicable al sector educativo.<\/li>\r\n    <li>Cumplimiento de orden judicial, debiendo observarse los principios de la presente ley.<\/li>\r\n    <li>Para la ejecuci\u00f3n de medidas precontractuales a petici\u00f3n del titular o para el cumplimiento de obligaciones contractuales perseguidas por el responsable, encargado o un tercero legalmente habilitado.<\/li>\r\n    <li>Para satisfacer un inter\u00e9s leg\u00edtimo del responsable de tratamiento o de un tercero, siempre que no prevalezca el inter\u00e9s o derechos fundamentales de los titulares.<\/li>\r\n  <\/ul>\r\n\r\n  <p>Se podr\u00e1 tratar de forma leg\u00edtima y l\u00edcita los datos personales al tener al menos una base legitimadora, siendo tambi\u00e9n posible tener dos o m\u00e1s, las cuales refuerzan el compromiso de <strong>ACCONS<\/strong> por cumplir con la LOPDP y la normativa vigente aplicable.<\/p>\r\n  <p>El cumplimiento de las obligaciones contractuales contra\u00eddas con el cliente, colaborador, inter\u00e9s leg\u00edtimo del titular o del responsable, mandato legal, o consentimiento expreso voluntario, permite el tratamiento l\u00edcito de los datos.<\/p>\r\n  <p>No es necesaria la autorizaci\u00f3n en casos de:<\/p>\r\n  <ul>\r\n    <li>Requerimientos de entidades p\u00fablicas o administrativas en ejercicio de sus funciones legales;<\/li>\r\n    <li>Respecto de aquellos datos que se encuentran en fuentes p\u00fablicas;<\/li>\r\n    <li>Casos de urgencia m\u00e9dica o sanitaria;<\/li>\r\n    <li>Las que la Ley determine.<\/li>\r\n  <\/ul>\r\n\r\n  <h2>4. Tiempo que conservamos la informaci\u00f3n<\/h2>\r\n  <p><strong>ACCONS<\/strong> conserva los datos recopilados durante el tiempo estrictamente necesario para cumplir con la finalidad correspondiente, as\u00ed como por el plazo que las leyes y regulaciones aplicables al grupo establezcan.<\/p>\r\n  <p>Luego de ese tiempo, esta informaci\u00f3n puede ser conservada debidamente anonimizada, para fines estad\u00edsticos y de an\u00e1lisis interno.<\/p>\r\n\r\n  <h2>5. C\u00f3mo almacenamos la informaci\u00f3n<\/h2>\r\n  <p>Seg\u00fan la finalidad para la cual hayan sido recopilados los datos, estos ser\u00e1n conservados en cualquiera de los bancos o bases de datos de <strong>ACCONS<\/strong>, los cuales cuentan con las medidas de seguridad f\u00edsicas, administrativas, tecnol\u00f3gicas, legales y organizativas que la ley ordena.<\/p>\r\n<\/div>\n\n\n\n<div class=\"politicas-privacidad\">\r\n  <h2>6. Derechos de los titulares y medios a trav\u00e9s de los cuales pueden comunicarse con nosotros<\/h2>\r\n  <p>Los clientes son titulares de los derechos sobre los datos personales que les correspondan. Pueden solicitar el ejercicio de sus derechos directamente a <strong>ACCONS<\/strong> v\u00eda correo electr\u00f3nico: info@accons.ec, o a trav\u00e9s de las plataformas digitales que <strong>ACCONS<\/strong> ponga a su disposici\u00f3n.<\/p>\r\n  <ul>\r\n    <li><strong>Acceso:<\/strong> Solicitar acceso a todos los datos personales y la informaci\u00f3n sobre su tratamiento.<\/li>\r\n    <li><strong>Rectificaci\u00f3n y actualizaci\u00f3n:<\/strong> Solicitar correcci\u00f3n de datos incorrectos o desactualizados.<\/li>\r\n    <li><strong>Eliminaci\u00f3n:<\/strong> Solicitar eliminaci\u00f3n de datos personales cuando ya no exista una raz\u00f3n para su tratamiento.<\/li>\r\n    <li><strong>Oposici\u00f3n:<\/strong> Oponerse al uso de tus datos para finalidades distintas a las autorizadas.<\/li>\r\n    <li><strong>Derecho de Portabilidad:<\/strong> Solicitar entrega de datos en formato estructurado y transmisi\u00f3n a otros responsables.<\/li>\r\n    <li><strong>Suspensi\u00f3n del tratamiento:<\/strong> Solicitar cese temporal del tratamiento de sus datos por diferentes motivos.<\/li>\r\n  <\/ul>\r\n\r\n  <h2>7. Con qui\u00e9nes compartimos tus datos personales<\/h2>\r\n  <p>La informaci\u00f3n proporcionada por los usuarios estar\u00e1 disponible para los titulares y \u00fanicamente ser\u00e1 accedida por personas autorizadas, limitando su circulaci\u00f3n al ejercicio de las finalidades autorizadas por el usuario, sin perjuicio de \u00f3rdenes legales o judiciales.<\/p>\r\n  <p><strong>ACCONS<\/strong> exigir\u00e1 a terceros el cumplimiento de est\u00e1ndares adecuados de confidencialidad, protecci\u00f3n y seguridad, especialmente cuando dichos terceros se encuentren en pa\u00edses sin legislaci\u00f3n de protecci\u00f3n de datos adecuada, mediante acuerdos o convenios legales.<\/p>\r\n\r\n  <h2>8. Modificaciones a la Pol\u00edtica de Privacidad<\/h2>\r\n  <p>Las actualizaciones a esta pol\u00edtica ser\u00e1n notificadas a trav\u00e9s de los sitios web de <strong>ACCONS<\/strong> o por medio de canales digitales. Es responsabilidad del usuario revisarlas constantemente. Informaremos cualquier cambio que pueda afectar el tratamiento de los datos personales, sin detrimento de los derechos como titular.<\/p>\r\n  <p>La presente pol\u00edtica est\u00e1 formada por este documento y las condiciones espec\u00edficas de protecci\u00f3n de datos personales de cada servicio, interpretadas de forma coherente y respetando la voluntad del titular.<\/p>\r\n<\/div>\n\n\n\n<style>\n  .politicas-privacidad,\n  .politicas-privacidad h1,\n  .politicas-privacidad h2,\n  .politicas-privacidad h3,\n  .politicas-privacidad h4,\n  .politicas-privacidad h5,\n  .politicas-privacidad h6,\n  .politicas-privacidad p,\n  .politicas-privacidad li,\n  .politicas-privacidad strong {\n    color: white !important;\n  }\n<\/style>\n\n<style>\n  .politicas-privacidad {\n    color: white;\n  }\n<\/style>\n\n\n\n<div style=\"height:100px\" aria-hidden=\"true\" class=\"wp-block-spacer\"><\/div>\n","protected":false},"excerpt":{"rendered":"<p>AVISO POL\u00cdTICA DE PRIVACIDAD Para ACCONS S.A.S y sus empresas relacionadas AUUDIT S.A.S, TEAMMS S.A.S, LEGGAL S.A.S, CONNTA S.A.S, SELECTT [&hellip;]<\/p>\n","protected":false},"author":1,"featured_media":0,"parent":0,"menu_order":0,"comment_status":"closed","ping_status":"closed","template":"","meta":{"site-sidebar-layout":"default","site-content-layout":"","ast-site-content-layout":"default","site-content-style":"default","site-sidebar-style":"default","ast-global-header-display":"","ast-banner-title-visibility":"","ast-main-header-display":"","ast-hfb-above-header-display":"","ast-hfb-below-header-display":"","ast-hfb-mobile-header-display":"","site-post-title":"disabled","ast-breadcrumbs-content":"","ast-featured-img":"","footer-sml-layout":"","ast-disable-related-posts":"","theme-transparent-header-meta":"","adv-header-id-meta":"","stick-header-meta":"","header-above-stick-meta":"","header-main-stick-meta":"","header-below-stick-meta":"","astra-migrate-meta-layouts":"default","ast-page-background-enabled":"default","ast-page-background-meta":{"desktop":{"background-color":"var(--ast-global-color-5)","background-image":"","background-repeat":"repeat","background-position":"center center","background-size":"auto","background-attachment":"scroll","background-type":"","background-media":"","overlay-type":"","overlay-color":"","overlay-opacity":"","overlay-gradient":""},"tablet":{"background-color":"","background-image":"","background-repeat":"repeat","background-position":"center center","background-size":"auto","background-attachment":"scroll","background-type":"","background-media":"","overlay-type":"","overlay-color":"","overlay-opacity":"","overlay-gradient":""},"mobile":{"background-color":"","background-image":"","background-repeat":"repeat","background-position":"center center","background-size":"auto","background-attachment":"scroll","background-type":"","background-media":"","overlay-type":"","overlay-color":"","overlay-opacity":"","overlay-gradient":""}},"ast-content-background-meta":{"desktop":{"background-color":"var(--ast-global-color-4)","background-image":"","background-repeat":"repeat","background-position":"center center","background-size":"auto","background-attachment":"scroll","background-type":"","background-media":"","overlay-type":"","overlay-color":"","overlay-opacity":"","overlay-gradient":""},"tablet":{"background-color":"var(--ast-global-color-4)","background-image":"","background-repeat":"repeat","background-position":"center center","background-size":"auto","background-attachment":"scroll","background-type":"","background-media":"","overlay-type":"","overlay-color":"","overlay-opacity":"","overlay-gradient":""},"mobile":{"background-color":"var(--ast-global-color-4)","background-image":"","background-repeat":"repeat","background-position":"center center","background-size":"auto","background-attachment":"scroll","background-type":"","background-media":"","overlay-type":"","overlay-color":"","overlay-opacity":"","overlay-gradient":""}},"footnotes":""},"class_list":["post-83","page","type-page","status-publish","hentry"],"_links":{"self":[{"href":"https:\/\/teamms.ec\/index.php\/wp-json\/wp\/v2\/pages\/83","targetHints":{"allow":["GET"]}}],"collection":[{"href":"https:\/\/teamms.ec\/index.php\/wp-json\/wp\/v2\/pages"}],"about":[{"href":"https:\/\/teamms.ec\/index.php\/wp-json\/wp\/v2\/types\/page"}],"author":[{"embeddable":true,"href":"https:\/\/teamms.ec\/index.php\/wp-json\/wp\/v2\/users\/1"}],"replies":[{"embeddable":true,"href":"https:\/\/teamms.ec\/index.php\/wp-json\/wp\/v2\/comments?post=83"}],"version-history":[{"count":5,"href":"https:\/\/teamms.ec\/index.php\/wp-json\/wp\/v2\/pages\/83\/revisions"}],"predecessor-version":[{"id":153,"href":"https:\/\/teamms.ec\/index.php\/wp-json\/wp\/v2\/pages\/83\/revisions\/153"}],"wp:attachment":[{"href":"https:\/\/teamms.ec\/index.php\/wp-json\/wp\/v2\/media?parent=83"}],"curies":[{"name":"wp","href":"https:\/\/api.w.org\/{rel}","templated":true}]}}